{"id":1305,"date":"2024-10-02T20:14:19","date_gmt":"2024-10-02T20:14:19","guid":{"rendered":"https:\/\/worklink.lemononline.pl\/?page_id=1305"},"modified":"2025-01-14T17:33:00","modified_gmt":"2025-01-14T17:33:00","slug":"products","status":"publish","type":"page","link":"https:\/\/worklink.lemononline.pl\/pl\/products\/","title":{"rendered":"Produkty"},"content":{"rendered":"<div data-elementor-type=\"wp-page\" data-elementor-id=\"1305\" class=\"elementor elementor-1305\" data-elementor-post-type=\"page\">\n\t\t\t\t<div data-particle_enable=\"false\" data-particle-mobile-disabled=\"false\" class=\"elementor-element elementor-element-3d38d1b2 e-flex e-con-boxed e-con e-parent\" data-id=\"3d38d1b2\" data-element_type=\"container\">\n\t\t\t\t\t<div class=\"e-con-inner\">\n\t\t<div data-particle_enable=\"false\" data-particle-mobile-disabled=\"false\" class=\"elementor-element elementor-element-1924f7cf e-flex e-con-boxed e-con e-child\" data-id=\"1924f7cf\" data-element_type=\"container\">\n\t\t\t\t\t<div class=\"e-con-inner\">\n\t\t\t\t<div class=\"elementor-element elementor-element-4277c491 elementor-invisible elementor-widget elementor-widget-heading\" data-id=\"4277c491\" data-element_type=\"widget\" data-settings=\"{&quot;_animation&quot;:&quot;fadeInDown&quot;,&quot;_animation_delay&quot;:200}\" data-widget_type=\"heading.default\">\n\t\t\t\t<div class=\"elementor-widget-container\">\n\t\t\t<h1 class=\"elementor-heading-title elementor-size-default\">Poznaj szczeg\u00f3\u0142y - Pobierz informacje o produktach<\/h1>\t\t<\/div>\n\t\t\t\t<\/div>\n\t\t\t\t<div class=\"elementor-element elementor-element-52887d12 elementor-invisible elementor-widget elementor-widget-heading\" data-id=\"52887d12\" data-element_type=\"widget\" data-settings=\"{&quot;_animation&quot;:&quot;fadeInUp&quot;,&quot;_animation_delay&quot;:300}\" data-widget_type=\"heading.default\">\n\t\t\t\t<div class=\"elementor-widget-container\">\n\t\t\t<h4 class=\"elementor-heading-title elementor-size-default\">Chcesz lepiej pozna\u0107 nasze produkty? Pobierz pliki informacyjne, aby zapozna\u0107 si\u0119 ze specyfikacjami i funkcjami r\u0119kawic WorkLink. Upewnij si\u0119, \u017ce wybierasz najlepsz\u0105 ochron\u0119, maj\u0105c wgl\u0105d we wszystkie potrzebne informacje.<\/h4>\t\t<\/div>\n\t\t\t\t<\/div>\n\t\t\t\t\t<\/div>\n\t\t\t\t<\/div>\n\t\t\t\t\t<\/div>\n\t\t\t\t<\/div>\n\t\t<div data-particle_enable=\"false\" data-particle-mobile-disabled=\"false\" class=\"elementor-element elementor-element-51772daf animated-fast e-flex e-con-boxed elementor-invisible e-con e-parent\" data-id=\"51772daf\" data-element_type=\"container\" data-settings=\"{&quot;animation&quot;:&quot;slideInUp&quot;}\">\n\t\t\t\t\t<div class=\"e-con-inner\">\n\t\t<div data-particle_enable=\"false\" data-particle-mobile-disabled=\"false\" class=\"elementor-element elementor-element-66d86c04 e-con-full e-flex e-con e-child\" data-id=\"66d86c04\" data-element_type=\"container\">\n\t\t<div data-particle_enable=\"false\" data-particle-mobile-disabled=\"false\" class=\"elementor-element elementor-element-0050463 e-con-full e-flex e-con e-child\" data-id=\"0050463\" data-element_type=\"container\">\n\t\t<a data-particle_enable=\"false\" data-particle-mobile-disabled=\"false\" class=\"elementor-element elementor-element-5c97cee e-con-full e-transform e-flex e-con e-child\" data-id=\"5c97cee\" data-element_type=\"container\" data-settings=\"{&quot;_transform_translateX_effect_hover&quot;:{&quot;unit&quot;:&quot;px&quot;,&quot;size&quot;:0,&quot;sizes&quot;:[]},&quot;_transform_translateY_effect_hover&quot;:{&quot;unit&quot;:&quot;px&quot;,&quot;size&quot;:-10,&quot;sizes&quot;:[]},&quot;background_background&quot;:&quot;classic&quot;,&quot;_transform_translateX_effect_hover_tablet&quot;:{&quot;unit&quot;:&quot;px&quot;,&quot;size&quot;:&quot;&quot;,&quot;sizes&quot;:[]},&quot;_transform_translateX_effect_hover_mobile&quot;:{&quot;unit&quot;:&quot;px&quot;,&quot;size&quot;:&quot;&quot;,&quot;sizes&quot;:[]},&quot;_transform_translateY_effect_hover_tablet&quot;:{&quot;unit&quot;:&quot;px&quot;,&quot;size&quot;:&quot;&quot;,&quot;sizes&quot;:[]},&quot;_transform_translateY_effect_hover_mobile&quot;:{&quot;unit&quot;:&quot;px&quot;,&quot;size&quot;:&quot;&quot;,&quot;sizes&quot;:[]}}\" href=\"#elementor-action:action=popup:open&settings=eyJpZCI6IjE0NSIsInRvZ2dsZSI6ZmFsc2V9\">\n\t\t<div data-particle_enable=\"false\" data-particle-mobile-disabled=\"false\" class=\"elementor-element elementor-element-e348329 e-con-full e-flex e-con e-child\" data-id=\"e348329\" data-element_type=\"container\">\n\t\t\t\t<div class=\"elementor-element elementor-element-b20f989 elementor-widget elementor-widget-heading\" data-id=\"b20f989\" data-element_type=\"widget\" data-widget_type=\"heading.default\">\n\t\t\t\t<div class=\"elementor-widget-container\">\n\t\t\t<h2 class=\"elementor-heading-title elementor-size-default\">SuperTech \u2122<\/h2>\t\t<\/div>\n\t\t\t\t<\/div>\n\t\t\t\t<div class=\"elementor-element elementor-element-841502f elementor-widget elementor-widget-heading\" data-id=\"841502f\" data-element_type=\"widget\" data-widget_type=\"heading.default\">\n\t\t\t\t<div class=\"elementor-widget-container\">\n\t\t\t<h2 class=\"elementor-heading-title elementor-size-default\">Flex<\/h2>\t\t<\/div>\n\t\t\t\t<\/div>\n\t\t\t\t<\/div>\n\t\t\t\t<div class=\"elementor-element elementor-element-2ca1ada elementor-absolute elementor-widget elementor-widget-image\" data-id=\"2ca1ada\" data-element_type=\"widget\" data-settings=\"{&quot;_position&quot;:&quot;absolute&quot;}\" data-widget_type=\"image.default\">\n\t\t\t\t<div class=\"elementor-widget-container\">\n\t\t\t\t\t\t\t\t\t\t\t\t\t<img fetchpriority=\"high\" decoding=\"async\" width=\"756\" height=\"1024\" src=\"https:\/\/worklink.lemononline.pl\/wp-content\/uploads\/2024\/09\/flex_para-756x1024.png\" class=\"attachment-large size-large wp-image-141\" alt=\"\" srcset=\"https:\/\/worklink.lemononline.pl\/wp-content\/uploads\/2024\/09\/flex_para-756x1024.png 756w, https:\/\/worklink.lemononline.pl\/wp-content\/uploads\/2024\/09\/flex_para-221x300.png 221w, https:\/\/worklink.lemononline.pl\/wp-content\/uploads\/2024\/09\/flex_para-768x1041.png 768w, https:\/\/worklink.lemononline.pl\/wp-content\/uploads\/2024\/09\/flex_para-1133x1536.png 1133w, https:\/\/worklink.lemononline.pl\/wp-content\/uploads\/2024\/09\/flex_para.png 1213w\" sizes=\"(max-width: 756px) 100vw, 756px\" \/>\t\t\t\t\t\t\t\t\t\t\t\t\t<\/div>\n\t\t\t\t<\/div>\n\t\t\t\t<\/a>\n\t\t\t\t<\/div>\n\t\t\t\t<\/div>\n\t\t\t\t\t<\/div>\n\t\t\t\t<\/div>\n\t\t\t\t<\/div>","protected":false},"excerpt":{"rendered":"<p>Discover the Details \u2013 Download Product Info Need to dive deeper into our products? Download our detailed files to explore the specifications and features of WorkLink gloves. Make sure you\u2019re choosing the best protection with all the facts at your disposal. SuperTech \u2122 Flex<\/p>","protected":false},"author":2,"featured_media":0,"parent":0,"menu_order":0,"comment_status":"closed","ping_status":"closed","template":"elementor_header_footer","meta":{"footnotes":""},"class_list":["post-1305","page","type-page","status-publish","hentry"],"_links":{"self":[{"href":"https:\/\/worklink.lemononline.pl\/pl\/wp-json\/wp\/v2\/pages\/1305"}],"collection":[{"href":"https:\/\/worklink.lemononline.pl\/pl\/wp-json\/wp\/v2\/pages"}],"about":[{"href":"https:\/\/worklink.lemononline.pl\/pl\/wp-json\/wp\/v2\/types\/page"}],"author":[{"embeddable":true,"href":"https:\/\/worklink.lemononline.pl\/pl\/wp-json\/wp\/v2\/users\/2"}],"replies":[{"embeddable":true,"href":"https:\/\/worklink.lemononline.pl\/pl\/wp-json\/wp\/v2\/comments?post=1305"}],"version-history":[{"count":53,"href":"https:\/\/worklink.lemononline.pl\/pl\/wp-json\/wp\/v2\/pages\/1305\/revisions"}],"predecessor-version":[{"id":2484,"href":"https:\/\/worklink.lemononline.pl\/pl\/wp-json\/wp\/v2\/pages\/1305\/revisions\/2484"}],"wp:attachment":[{"href":"https:\/\/worklink.lemononline.pl\/pl\/wp-json\/wp\/v2\/media?parent=1305"}],"curies":[{"name":"wp","href":"https:\/\/api.w.org\/{rel}","templated":true}]}}